{"id":2522,"date":"2025-04-18T17:10:02","date_gmt":"2025-04-18T17:10:02","guid":{"rendered":"https:\/\/lasobaa.com\/?page_id=2522"},"modified":"2025-10-31T15:44:42","modified_gmt":"2025-10-31T15:44:42","slug":"appels-doffres","status":"publish","type":"page","link":"https:\/\/lasobaa.com\/en\/appels-doffres\/","title":{"rendered":"Tenders"},"content":{"rendered":"<div data-elementor-type=\"wp-page\" data-elementor-id=\"2522\" class=\"elementor elementor-2522\" data-elementor-post-type=\"page\">\n\t\t\t\t<div class=\"elementor-element elementor-element-198757a e-flex e-con-boxed wpr-particle-no wpr-jarallax-no wpr-parallax-no wpr-sticky-section-no e-con e-parent\" data-id=\"198757a\" data-element_type=\"container\" data-settings=\"{&quot;background_background&quot;:&quot;classic&quot;}\">\n\t\t\t\t\t<div class=\"e-con-inner\">\n\t\t\t\t<div class=\"elementor-element elementor-element-13a1918 animated-fast elementor-invisible elementor-widget elementor-widget-text-editor\" data-id=\"13a1918\" data-element_type=\"widget\" data-settings=\"{&quot;_animation&quot;:&quot;slideInUp&quot;}\" data-widget_type=\"text-editor.default\">\n\t\t\t\t<div class=\"elementor-widget-container\">\n\t\t\t\t\t\t\t\t\tHome\u00a0 \u00a0 | \u00a0 <a style=\"color: #ffce00;\" href=\"\/en\/appels-offres\/\">Tenders<\/a>\t\t\t\t\t\t\t\t<\/div>\n\t\t\t\t<\/div>\n\t\t\t\t<div class=\"elementor-element elementor-element-51fafcb animated-fast elementor-invisible elementor-widget elementor-widget-heading\" data-id=\"51fafcb\" data-element_type=\"widget\" data-settings=\"{&quot;_animation&quot;:&quot;slideInUp&quot;}\" data-widget_type=\"heading.default\">\n\t\t\t\t<div class=\"elementor-widget-container\">\n\t\t\t\t\t<h1 class=\"elementor-heading-title elementor-size-default\">Calls for Tenders<\/h1>\t\t\t\t<\/div>\n\t\t\t\t<\/div>\n\t\t\t\t\t<\/div>\n\t\t\t\t<\/div>\n\t\t<div class=\"elementor-element elementor-element-1810a20 e-flex e-con-boxed wpr-particle-no wpr-jarallax-no wpr-parallax-no wpr-sticky-section-no e-con e-parent\" data-id=\"1810a20\" data-element_type=\"container\" data-settings=\"{&quot;background_background&quot;:&quot;classic&quot;}\">\n\t\t\t\t\t<div class=\"e-con-inner\">\n\t\t<div class=\"elementor-element elementor-element-ee6d17b e-con-full e-flex wpr-particle-no wpr-jarallax-no wpr-parallax-no wpr-sticky-section-no e-con e-child\" data-id=\"ee6d17b\" data-element_type=\"container\" data-settings=\"{&quot;background_background&quot;:&quot;classic&quot;}\">\n\t\t\t\t<div class=\"elementor-element elementor-element-d5f9764 elementor-widget elementor-widget-text-editor\" data-id=\"d5f9764\" data-element_type=\"widget\" data-widget_type=\"text-editor.default\">\n\t\t\t\t<div class=\"elementor-widget-container\">\n\t\t\t\t\t\t\t\t\t<p>Submission date:<\/p>\t\t\t\t\t\t\t\t<\/div>\n\t\t\t\t<\/div>\n\t\t\t\t<div class=\"elementor-element elementor-element-a6ca133 elementor-widget elementor-widget-text-editor\" data-id=\"a6ca133\" data-element_type=\"widget\" data-widget_type=\"text-editor.default\">\n\t\t\t\t<div class=\"elementor-widget-container\">\n\t\t\t\t\t\t\t\t\t<div class=\"title\">15 MAI 2025<\/div><div class=\"col-md-3 limite-date-section status-new bg-green\"><div class=\"limite-date-content item-subtitle\">\u00a0<\/div><\/div>\t\t\t\t\t\t\t\t<\/div>\n\t\t\t\t<\/div>\n\t\t\t\t<\/div>\n\t\t<div class=\"elementor-element elementor-element-71107a0 e-con-full e-flex wpr-particle-no wpr-jarallax-no wpr-parallax-no wpr-sticky-section-no e-con e-child\" data-id=\"71107a0\" data-element_type=\"container\" data-settings=\"{&quot;background_background&quot;:&quot;gradient&quot;}\">\n\t\t\t\t<div class=\"elementor-element elementor-element-1cb7b79 elementor-widget elementor-widget-text-editor\" data-id=\"1cb7b79\" data-element_type=\"widget\" data-widget_type=\"text-editor.default\">\n\t\t\t\t<div class=\"elementor-widget-container\">\n\t\t\t\t\t\t\t\t\t<p>DEADLINE<\/p>\t\t\t\t\t\t\t\t<\/div>\n\t\t\t\t<\/div>\n\t\t\t\t<div class=\"elementor-element elementor-element-b6040fb elementor-widget elementor-widget-text-editor\" data-id=\"b6040fb\" data-element_type=\"widget\" data-widget_type=\"text-editor.default\">\n\t\t\t\t<div class=\"elementor-widget-container\">\n\t\t\t\t\t\t\t\t\t<div class=\"o-header\"><div class=\"col-md-3 limite-date-section status-new bg-green\"><div class=\"limite-date-content item-subtitle\"><div class=\"item-subtitle text-center\">expir\u00e9<\/div><\/div><\/div><\/div><div class=\"col-12\">\u00a0<\/div>\t\t\t\t\t\t\t\t<\/div>\n\t\t\t\t<\/div>\n\t\t\t\t<\/div>\n\t\t\t\t\t<\/div>\n\t\t\t\t<\/div>\n\t\t<div class=\"elementor-element elementor-element-926e998 e-flex e-con-boxed wpr-particle-no wpr-jarallax-no wpr-parallax-no wpr-sticky-section-no e-con e-parent\" data-id=\"926e998\" data-element_type=\"container\" data-settings=\"{&quot;background_background&quot;:&quot;classic&quot;}\">\n\t\t\t\t\t<div class=\"e-con-inner\">\n\t\t<div class=\"elementor-element elementor-element-883ecdf e-con-full e-flex wpr-particle-no wpr-jarallax-no wpr-parallax-no wpr-sticky-section-no e-con e-child\" data-id=\"883ecdf\" data-element_type=\"container\" data-settings=\"{&quot;background_background&quot;:&quot;classic&quot;}\">\n\t\t\t\t<div class=\"elementor-element elementor-element-16ccc66 elementor-widget elementor-widget-heading\" data-id=\"16ccc66\" data-element_type=\"widget\" data-widget_type=\"heading.default\">\n\t\t\t\t<div class=\"elementor-widget-container\">\n\t\t\t\t\t<h2 class=\"elementor-heading-title elementor-size-default\">Call for Expression of Interest<\/h2>\t\t\t\t<\/div>\n\t\t\t\t<\/div>\n\t\t\t\t<div class=\"elementor-element elementor-element-369c97d elementor-widget elementor-widget-text-editor\" data-id=\"369c97d\" data-element_type=\"widget\" data-widget_type=\"text-editor.default\">\n\t\t\t\t<div class=\"elementor-widget-container\">\n\t\t\t\t\t\t\t\t\t<p>Recruitment of a consultancy firm for the detailed development of preliminary projects (APS) and the realization of detailed projects (APD), environmental and social impact studies (EIES) along with environmental and social management plans (PGES), tender documents (DAO), for the monitoring and control of the construction works of fishponds and related infrastructures, on behalf of the Agricultural Infrastructure and Accessibility Development Project in the Lower and Middle Ou\u00e9m\u00e9 Valley (PDIAD-BMVO).<\/p>\t\t\t\t\t\t\t\t<\/div>\n\t\t\t\t<\/div>\n\t\t\t\t<div class=\"elementor-element elementor-element-d927099 elementor-align-right elementor-mobile-align-center elementor-widget elementor-widget-button\" data-id=\"d927099\" data-element_type=\"widget\" data-widget_type=\"button.default\">\n\t\t\t\t<div class=\"elementor-widget-container\">\n\t\t\t\t\t\t\t\t\t<div class=\"elementor-button-wrapper\">\n\t\t\t\t\t<a class=\"elementor-button elementor-button-link elementor-size-sm\" href=\"\/en\/avis-a-manifestation-dinteret-relatif\/\">\n\t\t\t\t\t\t<span class=\"elementor-button-content-wrapper\">\n\t\t\t\t\t\t\t\t\t<span class=\"elementor-button-text\">LEARN MORE<\/span>\n\t\t\t\t\t<\/span>\n\t\t\t\t\t<\/a>\n\t\t\t\t<\/div>\n\t\t\t\t\t\t\t\t<\/div>\n\t\t\t\t<\/div>\n\t\t\t\t<\/div>\n\t\t\t\t\t<\/div>\n\t\t\t\t<\/div>\n\t\t<div class=\"elementor-element elementor-element-8706700 e-flex e-con-boxed wpr-particle-no wpr-jarallax-no wpr-parallax-no wpr-sticky-section-no e-con e-parent\" data-id=\"8706700\" data-element_type=\"container\" data-settings=\"{&quot;background_background&quot;:&quot;classic&quot;}\">\n\t\t\t\t\t<div class=\"e-con-inner\">\n\t\t<div class=\"elementor-element elementor-element-4ddb1ad e-con-full e-flex wpr-particle-no wpr-jarallax-no wpr-parallax-no wpr-sticky-section-no e-con e-child\" data-id=\"4ddb1ad\" data-element_type=\"container\" data-settings=\"{&quot;background_background&quot;:&quot;classic&quot;}\">\n\t\t\t\t<div class=\"elementor-element elementor-element-ae37bcc elementor-widget elementor-widget-text-editor\" data-id=\"ae37bcc\" data-element_type=\"widget\" data-widget_type=\"text-editor.default\">\n\t\t\t\t<div class=\"elementor-widget-container\">\n\t\t\t\t\t\t\t\t\t<p>Submission date:<\/p>\t\t\t\t\t\t\t\t<\/div>\n\t\t\t\t<\/div>\n\t\t\t\t<div class=\"elementor-element elementor-element-3e444bb elementor-widget elementor-widget-text-editor\" data-id=\"3e444bb\" data-element_type=\"widget\" data-widget_type=\"text-editor.default\">\n\t\t\t\t<div class=\"elementor-widget-container\">\n\t\t\t\t\t\t\t\t\t<div class=\"title\">04 JUIN 2025<\/div><div class=\"col-md-3 limite-date-section status-new bg-green\"><div class=\"limite-date-content item-subtitle\">\u00a0<\/div><\/div>\t\t\t\t\t\t\t\t<\/div>\n\t\t\t\t<\/div>\n\t\t\t\t<\/div>\n\t\t<div class=\"elementor-element elementor-element-9998081 e-con-full e-flex wpr-particle-no wpr-jarallax-no wpr-parallax-no wpr-sticky-section-no e-con e-child\" data-id=\"9998081\" data-element_type=\"container\" data-settings=\"{&quot;background_background&quot;:&quot;gradient&quot;}\">\n\t\t\t\t<div class=\"elementor-element elementor-element-98c5e27 elementor-widget elementor-widget-text-editor\" data-id=\"98c5e27\" data-element_type=\"widget\" data-widget_type=\"text-editor.default\">\n\t\t\t\t<div class=\"elementor-widget-container\">\n\t\t\t\t\t\t\t\t\t<p>DEADLINE<\/p>\t\t\t\t\t\t\t\t<\/div>\n\t\t\t\t<\/div>\n\t\t\t\t<div class=\"elementor-element elementor-element-54ddaaa elementor-widget elementor-widget-text-editor\" data-id=\"54ddaaa\" data-element_type=\"widget\" data-widget_type=\"text-editor.default\">\n\t\t\t\t<div class=\"elementor-widget-container\">\n\t\t\t\t\t\t\t\t\t<div class=\"o-header\"><div class=\"col-md-3 limite-date-section status-new bg-green\"><div class=\"limite-date-content item-subtitle\"><div class=\"item-subtitle text-center\">expir\u00e9<\/div><\/div><\/div><\/div><div class=\"col-12\">\u00a0<\/div>\t\t\t\t\t\t\t\t<\/div>\n\t\t\t\t<\/div>\n\t\t\t\t<\/div>\n\t\t\t\t\t<\/div>\n\t\t\t\t<\/div>\n\t\t<div class=\"elementor-element elementor-element-9f65cec e-flex e-con-boxed wpr-particle-no wpr-jarallax-no wpr-parallax-no wpr-sticky-section-no e-con e-parent\" data-id=\"9f65cec\" data-element_type=\"container\" data-settings=\"{&quot;background_background&quot;:&quot;classic&quot;}\">\n\t\t\t\t\t<div class=\"e-con-inner\">\n\t\t<div class=\"elementor-element elementor-element-3fa0f21 e-con-full e-flex wpr-particle-no wpr-jarallax-no wpr-parallax-no wpr-sticky-section-no e-con e-child\" data-id=\"3fa0f21\" data-element_type=\"container\" data-settings=\"{&quot;background_background&quot;:&quot;classic&quot;}\">\n\t\t\t\t<div class=\"elementor-element elementor-element-1f94617 elementor-widget elementor-widget-heading\" data-id=\"1f94617\" data-element_type=\"widget\" data-widget_type=\"heading.default\">\n\t\t\t\t<div class=\"elementor-widget-container\">\n\t\t\t\t\t<h2 class=\"elementor-heading-title elementor-size-default\">NOTICE OF PRE-QUALIFICATION<\/h2>\t\t\t\t<\/div>\n\t\t\t\t<\/div>\n\t\t\t\t<div class=\"elementor-element elementor-element-f879e3b elementor-widget elementor-widget-text-editor\" data-id=\"f879e3b\" data-element_type=\"widget\" data-widget_type=\"text-editor.default\">\n\t\t\t\t<div class=\"elementor-widget-container\">\n\t\t\t\t\t\t\t\t\t<p>Travaux de g\u00e9nie civil et de terrassement pour l\u2019am\u00e9nagement de quatre (04) p\u00e9rim\u00e8tres irrigues \u00e0 maitrise totale de l\u2019eau comprenant construction et \u00e9quipement des ouvrages d\u2019irrigation (forage, stations d\u2019exhaure, station mixte) en 2 lots : lot 1 (1.172 ha) sur les p\u00e9rim\u00e8tres de honzounme et de titonou dans la commune d\u2019adjohoun et akpassa et agbato dans la commune de dangbo<\/p>\t\t\t\t\t\t\t\t<\/div>\n\t\t\t\t<\/div>\n\t\t\t\t<div class=\"elementor-element elementor-element-057621c elementor-align-right elementor-mobile-align-center elementor-widget elementor-widget-button\" data-id=\"057621c\" data-element_type=\"widget\" data-widget_type=\"button.default\">\n\t\t\t\t<div class=\"elementor-widget-container\">\n\t\t\t\t\t\t\t\t\t<div class=\"elementor-button-wrapper\">\n\t\t\t\t\t<a class=\"elementor-button elementor-button-link elementor-size-sm\" href=\"https:\/\/lasobaa.com\/en\/avis-de-pre-qualification\/\">\n\t\t\t\t\t\t<span class=\"elementor-button-content-wrapper\">\n\t\t\t\t\t\t\t\t\t<span class=\"elementor-button-text\">LEARN MORE<\/span>\n\t\t\t\t\t<\/span>\n\t\t\t\t\t<\/a>\n\t\t\t\t<\/div>\n\t\t\t\t\t\t\t\t<\/div>\n\t\t\t\t<\/div>\n\t\t\t\t<\/div>\n\t\t\t\t\t<\/div>\n\t\t\t\t<\/div>\n\t\t\t\t<\/div>","protected":false},"excerpt":{"rendered":"<p>Accueil\u00a0 \u00a0 | \u00a0 Appels d&rsquo;offres Appels d&rsquo;offres Date de d\u00e9p\u00f4t : 15 MAI 2025\u00a0 D\u00c9LAI expir\u00e9\u00a0 AVIS A MANIFESTATION D\u2019INTERET Recrutement d\u2019un cabinet pour l\u2019approfondissement des avant-projets sommaires (APS) et la r\u00e9alisation des avant-projets d\u00e9taill\u00e9s (APD), des \u00e9tudes d\u2019impact environnemental et social (EIES) assorties des plans de gestion environnementale et sociale (PGES), des dossiers d\u2019appel d\u2019offres (DAO), pour la surveillance et le contr\u00f4le des travaux de construction des \u00e9tangs piscicoles et des infrastructures connexes aux \u00e9tangs, pour le compte du projet de d\u00e9veloppement des infrastructures agricoles et de d\u00e9senclavement dans la basse et moyenne vall\u00e9e de l\u2019ou\u00e9m\u00e9 (PDIAD-BMVO). EN SAVOIR PLUS Date de d\u00e9p\u00f4t : 04 JUIN 2025\u00a0 D\u00c9LAI expir\u00e9\u00a0 AVIS DE PRE-QUALIFICATION Travaux de g\u00e9nie civil et de terrassement pour l\u2019am\u00e9nagement de quatre (04) p\u00e9rim\u00e8tres irrigues \u00e0 maitrise totale de l\u2019eau comprenant construction et \u00e9quipement des ouvrages d\u2019irrigation (forage, stations d\u2019exhaure, station mixte) en 2 lots : lot 1 (1.172 ha) sur les p\u00e9rim\u00e8tres de honzounme et de titonou dans la commune d\u2019adjohoun et akpassa et agbato dans la commune de dangbo EN SAVOIR PLUS<\/p>","protected":false},"author":1,"featured_media":0,"parent":0,"menu_order":0,"comment_status":"closed","ping_status":"closed","template":"","meta":{"footnotes":""},"class_list":["post-2522","page","type-page","status-publish","hentry"],"_links":{"self":[{"href":"https:\/\/lasobaa.com\/en\/wp-json\/wp\/v2\/pages\/2522","targetHints":{"allow":["GET"]}}],"collection":[{"href":"https:\/\/lasobaa.com\/en\/wp-json\/wp\/v2\/pages"}],"about":[{"href":"https:\/\/lasobaa.com\/en\/wp-json\/wp\/v2\/types\/page"}],"author":[{"embeddable":true,"href":"https:\/\/lasobaa.com\/en\/wp-json\/wp\/v2\/users\/1"}],"replies":[{"embeddable":true,"href":"https:\/\/lasobaa.com\/en\/wp-json\/wp\/v2\/comments?post=2522"}],"version-history":[{"count":56,"href":"https:\/\/lasobaa.com\/en\/wp-json\/wp\/v2\/pages\/2522\/revisions"}],"predecessor-version":[{"id":3496,"href":"https:\/\/lasobaa.com\/en\/wp-json\/wp\/v2\/pages\/2522\/revisions\/3496"}],"wp:attachment":[{"href":"https:\/\/lasobaa.com\/en\/wp-json\/wp\/v2\/media?parent=2522"}],"curies":[{"name":"wp","href":"https:\/\/api.w.org\/{rel}","templated":true}]}}